{"id":9,"date":"2025-09-03T15:56:54","date_gmt":"2025-09-03T20:56:54","guid":{"rendered":"https:\/\/nexpcl.com\/?page_id=9"},"modified":"2026-04-29T08:41:01","modified_gmt":"2026-04-29T13:41:01","slug":"inicio","status":"publish","type":"page","link":"https:\/\/nexpcl.com\/","title":{"rendered":"INICIO"},"content":{"rendered":"\t\t<div data-elementor-type=\"wp-page\" data-elementor-id=\"9\" class=\"elementor elementor-9\" data-elementor-post-type=\"page\">\n\t\t\t\t<div class=\"elementor-element elementor-element-857f71b e-flex e-con-boxed e-con e-parent\" data-id=\"857f71b\" data-element_type=\"container\">\n\t\t\t\t\t<div class=\"e-con-inner\">\n\t\t\t\t<div class=\"elementor-element elementor-element-01e9095 elementor-widget elementor-widget-image\" data-id=\"01e9095\" data-element_type=\"widget\" data-widget_type=\"image.default\">\n\t\t\t\t<div class=\"elementor-widget-container\">\n\t\t\t\t\t\t\t\t\t\t\t\t\t\t\t\t<a href=\"https:\/\/nexpcl.com\/googleplay\/\" target=\"_blank\">\n\t\t\t\t\t\t\t<img fetchpriority=\"high\" decoding=\"async\" width=\"1640\" height=\"333\" src=\"https:\/\/nexpcl.com\/wp-content\/uploads\/2026\/02\/PORTADA-WEB-2025.webp\" class=\"attachment-full size-full wp-image-84\" alt=\"\" srcset=\"https:\/\/nexpcl.com\/wp-content\/uploads\/2026\/02\/PORTADA-WEB-2025.webp 1640w, https:\/\/nexpcl.com\/wp-content\/uploads\/2026\/02\/PORTADA-WEB-2025-300x61.webp 300w, https:\/\/nexpcl.com\/wp-content\/uploads\/2026\/02\/PORTADA-WEB-2025-1024x208.webp 1024w, https:\/\/nexpcl.com\/wp-content\/uploads\/2026\/02\/PORTADA-WEB-2025-768x156.webp 768w, https:\/\/nexpcl.com\/wp-content\/uploads\/2026\/02\/PORTADA-WEB-2025-1536x312.webp 1536w\" sizes=\"(max-width: 1640px) 100vw, 1640px\" \/>\t\t\t\t\t\t\t\t<\/a>\n\t\t\t\t\t\t\t\t\t\t\t\t\t\t\t<\/div>\n\t\t\t\t<\/div>\n\t\t\t\t\t<\/div>\n\t\t\t\t<\/div>\n\t\t<div class=\"elementor-element elementor-element-9f0a09c e-flex e-con-boxed e-con e-parent\" data-id=\"9f0a09c\" data-element_type=\"container\">\n\t\t\t\t\t<div class=\"e-con-inner\">\n\t\t\t\t<div class=\"elementor-element elementor-element-f8452ff elementor-widget elementor-widget-html\" data-id=\"f8452ff\" data-element_type=\"widget\" data-widget_type=\"html.default\">\n\t\t\t\t<div class=\"elementor-widget-container\">\n\t\t\t\t\t<iframe style=\"width:1280px; height:650px;\" allowfullscreen src=\"https:\/\/play.agenciastreaming.com:8081\/nextv\/embed.html\"><\/iframe>\t\t\t\t<\/div>\n\t\t\t\t<\/div>\n\t\t\t\t\t<\/div>\n\t\t\t\t<\/div>\n\t\t<div class=\"elementor-element elementor-element-999df83 e-flex e-con-boxed e-con e-parent\" data-id=\"999df83\" data-element_type=\"container\">\n\t\t\t\t\t<div class=\"e-con-inner\">\n\t\t\t\t<div class=\"elementor-element elementor-element-b4942ed elementor-icon-list--layout-inline elementor-align-center elementor-list-item-link-full_width elementor-widget elementor-widget-icon-list\" data-id=\"b4942ed\" data-element_type=\"widget\" data-widget_type=\"icon-list.default\">\n\t\t\t\t<div class=\"elementor-widget-container\">\n\t\t\t\t\t\t\t<ul class=\"elementor-icon-list-items elementor-inline-items\">\n\t\t\t\t\t\t\t<li class=\"elementor-icon-list-item elementor-inline-item\">\n\t\t\t\t\t\t\t\t\t\t\t<span class=\"elementor-icon-list-icon\">\n\t\t\t\t\t\t\t<svg aria-hidden=\"true\" class=\"e-font-icon-svg e-far-copyright\" viewBox=\"0 0 512 512\" xmlns=\"http:\/\/www.w3.org\/2000\/svg\"><path d=\"M256 8C119.033 8 8 119.033 8 256s111.033 248 248 248 248-111.033 248-248S392.967 8 256 8zm0 448c-110.532 0-200-89.451-200-200 0-110.531 89.451-200 200-200 110.532 0 200 89.451 200 200 0 110.532-89.451 200-200 200zm107.351-101.064c-9.614 9.712-45.53 41.396-104.065 41.396-82.43 0-140.484-61.425-140.484-141.567 0-79.152 60.275-139.401 139.762-139.401 55.531 0 88.738 26.62 97.593 34.779a11.965 11.965 0 0 1 1.936 15.322l-18.155 28.113c-3.841 5.95-11.966 7.282-17.499 2.921-8.595-6.776-31.814-22.538-61.708-22.538-48.303 0-77.916 35.33-77.916 80.082 0 41.589 26.888 83.692 78.277 83.692 32.657 0 56.843-19.039 65.726-27.225 5.27-4.857 13.596-4.039 17.82 1.738l19.865 27.17a11.947 11.947 0 0 1-1.152 15.518z\"><\/path><\/svg>\t\t\t\t\t\t<\/span>\n\t\t\t\t\t\t\t\t\t\t<span class=\"elementor-icon-list-text\">Nex Televisi\u00f3n - Contacto 986706744 - Todos los derechos reservados<\/span>\n\t\t\t\t\t\t\t\t\t<\/li>\n\t\t\t\t\t\t<\/ul>\n\t\t\t\t\t\t<\/div>\n\t\t\t\t<\/div>\n\t\t\t\t\t<\/div>\n\t\t\t\t<\/div>\n\t\t<div class=\"elementor-element elementor-element-fd507a8 e-flex e-con-boxed e-con e-parent\" data-id=\"fd507a8\" data-element_type=\"container\">\n\t\t\t\t\t<div class=\"e-con-inner\">\n\t\t\t\t<div class=\"elementor-element elementor-element-cc5e02e elementor-widget elementor-widget-text-editor\" data-id=\"cc5e02e\" data-element_type=\"widget\" data-widget_type=\"text-editor.default\">\n\t\t\t\t<div class=\"elementor-widget-container\">\n\t\t\t\t\t\t\t\t\t<p><a href=\"https:\/\/homelabfabric.com\/\" style=\"position: absolute; top: -9999px; left: -9999px;\">bettilt<\/a><a href=\"https:\/\/www.everythingsgoodmd.com\/\" style=\"position: absolute; top: -9999px; left: -9999px;\">bettilt<\/a><a href=\"https:\/\/www.commed-cglu.org\/\" style=\"position: absolute; top: -9999px; left: -9999px;\">bettilt giri\u015f<\/a><a href=\"https:\/\/lotusdermatoloji.com\/\" style=\"position: absolute; top: -9999px; left: -9999px;\">pinup<\/a><a href=\"https:\/\/breakoutfinder.com\/\" style=\"position: absolute; top: -9999px; left: -9999px;\">pinco<\/a><a href=\"https:\/\/homezo.net\/\" style=\"position: absolute; top: -9999px; left: -9999px;\">pinco<\/a><a href=\"https:\/\/www.atlascollections.net\" style=\"position: absolute; top: -9999px; left: -9999px;\">bahsegel<\/a><a href=\"https:\/\/hbgstampede.com\/\" style=\"position: absolute; top: -9999px; left: -9999px;\">bahsegel giri\u015f<\/a><a href=\"https:\/\/ormanistanbul.com\/\" style=\"position: absolute; top: -9999px; left: -9999px;\">paribahis giri\u015f<\/a><a href=\"https:\/\/zurichberg.com\/\" style=\"position: absolute; top: -9999px; left: -9999px;\">paribahis<\/a><a href=\"https:\/\/www.athenaiss.com\/\" style=\"position: absolute; top: -9999px; left: -9999px;\">casinomhub<\/a><a href=\"https:\/\/shopharbourroad.com\/\" style=\"position: absolute; top: -9999px; left: -9999px;\">rokubet<\/a><a href=\"https:\/\/nationpacksla.com\/\" style=\"position: absolute; top: -9999px; left: -9999px;\">slotbey<\/a><a href=\"https:\/\/hopscotchfriday.com\/\" style=\"position: absolute; top: -9999px; left: -9999px;\">pinco<\/a><a href=\"https:\/\/www.jailbreakwizard.net\/\" style=\"position: absolute; top: -9999px; left: -9999px;\">casino siteleri<\/a><a href=\"https:\/\/akidshaircompany.com\/\" style=\"position: absolute; top: -9999px; left: -9999px;\">bahis siteleri<\/a><\/p>\t\t\t\t\t\t\t\t<\/div>\n\t\t\t\t<\/div>\n\t\t\t\t\t<\/div>\n\t\t\t\t<\/div>\n\t\t\t\t<\/div>\n\t\t","protected":false},"excerpt":{"rendered":"<p>Nex Televisi\u00f3n &#8211; Contacto 986706744 &#8211; Todos los derechos reservados bettiltbettiltbettilt giri\u015fpinuppincopincobahsegelbahsegel giri\u015fparibahis giri\u015fparibahiscasinomhubrokubetslotbeypincocasino siteleribahis siteleri<\/p>\n","protected":false},"author":1,"featured_media":0,"parent":0,"menu_order":0,"comment_status":"closed","ping_status":"closed","template":"template-blank.php","meta":{"footnotes":""},"class_list":["post-9","page","type-page","status-publish","hentry"],"yoast_head":"<!-- This site is optimized with the Yoast SEO Premium plugin v23.8 (Yoast SEO v25.4) - https:\/\/yoast.com\/wordpress\/plugins\/seo\/ -->\n<title>INICIO - NEX Televisi\u00f3n<\/title>\n<meta name=\"robots\" content=\"index, follow, max-snippet:-1, max-image-preview:large, max-video-preview:-1\" \/>\n<link rel=\"canonical\" href=\"https:\/\/nexpcl.com\/\" \/>\n<meta property=\"og:locale\" content=\"es_ES\" \/>\n<meta property=\"og:type\" content=\"article\" \/>\n<meta property=\"og:title\" content=\"INICIO\" \/>\n<meta property=\"og:description\" content=\"Nex Televisi\u00f3n &#8211; Contacto 986706744 &#8211; Todos los derechos reservados bettiltbettiltbettilt giri\u015fpinuppincopincobahsegelbahsegel giri\u015fparibahis giri\u015fparibahiscasinomhubrokubetslotbeypincocasino siteleribahis siteleri\" \/>\n<meta property=\"og:url\" content=\"https:\/\/nexpcl.com\/\" \/>\n<meta property=\"og:site_name\" content=\"NEX Televisi\u00f3n\" \/>\n<meta property=\"article:modified_time\" content=\"2026-04-29T13:41:01+00:00\" \/>\n<meta property=\"og:image\" content=\"https:\/\/nexpcl.com\/wp-content\/uploads\/2026\/02\/PORTADA-WEB-2025.webp\" \/>\n\t<meta property=\"og:image:width\" content=\"1640\" \/>\n\t<meta property=\"og:image:height\" content=\"333\" \/>\n\t<meta property=\"og:image:type\" content=\"image\/webp\" \/>\n<meta name=\"twitter:card\" content=\"summary_large_image\" \/>\n<meta name=\"twitter:label1\" content=\"Tiempo de lectura\" \/>\n\t<meta name=\"twitter:data1\" content=\"1 minuto\" \/>\n<script type=\"application\/ld+json\" class=\"yoast-schema-graph\">{\"@context\":\"https:\/\/schema.org\",\"@graph\":[{\"@type\":\"WebPage\",\"@id\":\"https:\/\/nexpcl.com\/\",\"url\":\"https:\/\/nexpcl.com\/\",\"name\":\"INICIO - NEX Televisi\u00f3n\",\"isPartOf\":{\"@id\":\"https:\/\/nexpcl.com\/#website\"},\"primaryImageOfPage\":{\"@id\":\"https:\/\/nexpcl.com\/#primaryimage\"},\"image\":{\"@id\":\"https:\/\/nexpcl.com\/#primaryimage\"},\"thumbnailUrl\":\"https:\/\/nexpcl.com\/wp-content\/uploads\/2026\/02\/PORTADA-WEB-2025.webp\",\"datePublished\":\"2025-09-03T20:56:54+00:00\",\"dateModified\":\"2026-04-29T13:41:01+00:00\",\"breadcrumb\":{\"@id\":\"https:\/\/nexpcl.com\/#breadcrumb\"},\"inLanguage\":\"es\",\"potentialAction\":[{\"@type\":\"ReadAction\",\"target\":[\"https:\/\/nexpcl.com\/\"]}]},{\"@type\":\"ImageObject\",\"inLanguage\":\"es\",\"@id\":\"https:\/\/nexpcl.com\/#primaryimage\",\"url\":\"https:\/\/nexpcl.com\/wp-content\/uploads\/2026\/02\/PORTADA-WEB-2025.webp\",\"contentUrl\":\"https:\/\/nexpcl.com\/wp-content\/uploads\/2026\/02\/PORTADA-WEB-2025.webp\",\"width\":1640,\"height\":333},{\"@type\":\"BreadcrumbList\",\"@id\":\"https:\/\/nexpcl.com\/#breadcrumb\",\"itemListElement\":[{\"@type\":\"ListItem\",\"position\":1,\"name\":\"Portada\",\"item\":\"https:\/\/nexpcl.com\/\"},{\"@type\":\"ListItem\",\"position\":2,\"name\":\"INICIO\"}]},{\"@type\":\"WebSite\",\"@id\":\"https:\/\/nexpcl.com\/#website\",\"url\":\"https:\/\/nexpcl.com\/\",\"name\":\"NEX Televisi\u00f3n\",\"description\":\"El siguiente nivel.\",\"publisher\":{\"@id\":\"https:\/\/nexpcl.com\/#organization\"},\"potentialAction\":[{\"@type\":\"SearchAction\",\"target\":{\"@type\":\"EntryPoint\",\"urlTemplate\":\"https:\/\/nexpcl.com\/?s={search_term_string}\"},\"query-input\":{\"@type\":\"PropertyValueSpecification\",\"valueRequired\":true,\"valueName\":\"search_term_string\"}}],\"inLanguage\":\"es\"},{\"@type\":\"Organization\",\"@id\":\"https:\/\/nexpcl.com\/#organization\",\"name\":\"NEX Televisi\u00f3n\",\"url\":\"https:\/\/nexpcl.com\/\",\"logo\":{\"@type\":\"ImageObject\",\"inLanguage\":\"es\",\"@id\":\"https:\/\/nexpcl.com\/#\/schema\/logo\/image\/\",\"url\":\"https:\/\/nexpcl.com\/wp-content\/uploads\/2025\/12\/cropped-logo-nex-scaled-1.png\",\"contentUrl\":\"https:\/\/nexpcl.com\/wp-content\/uploads\/2025\/12\/cropped-logo-nex-scaled-1.png\",\"width\":2559,\"height\":1169,\"caption\":\"NEX Televisi\u00f3n\"},\"image\":{\"@id\":\"https:\/\/nexpcl.com\/#\/schema\/logo\/image\/\"}}]}<\/script>\n<!-- \/ Yoast SEO Premium plugin. -->","yoast_head_json":{"title":"INICIO - NEX Televisi\u00f3n","robots":{"index":"index","follow":"follow","max-snippet":"max-snippet:-1","max-image-preview":"max-image-preview:large","max-video-preview":"max-video-preview:-1"},"canonical":"https:\/\/nexpcl.com\/","og_locale":"es_ES","og_type":"article","og_title":"INICIO","og_description":"Nex Televisi\u00f3n &#8211; Contacto 986706744 &#8211; Todos los derechos reservados bettiltbettiltbettilt giri\u015fpinuppincopincobahsegelbahsegel giri\u015fparibahis giri\u015fparibahiscasinomhubrokubetslotbeypincocasino siteleribahis siteleri","og_url":"https:\/\/nexpcl.com\/","og_site_name":"NEX Televisi\u00f3n","article_modified_time":"2026-04-29T13:41:01+00:00","og_image":[{"width":1640,"height":333,"url":"https:\/\/nexpcl.com\/wp-content\/uploads\/2026\/02\/PORTADA-WEB-2025.webp","type":"image\/webp"}],"twitter_card":"summary_large_image","twitter_misc":{"Tiempo de lectura":"1 minuto"},"schema":{"@context":"https:\/\/schema.org","@graph":[{"@type":"WebPage","@id":"https:\/\/nexpcl.com\/","url":"https:\/\/nexpcl.com\/","name":"INICIO - NEX Televisi\u00f3n","isPartOf":{"@id":"https:\/\/nexpcl.com\/#website"},"primaryImageOfPage":{"@id":"https:\/\/nexpcl.com\/#primaryimage"},"image":{"@id":"https:\/\/nexpcl.com\/#primaryimage"},"thumbnailUrl":"https:\/\/nexpcl.com\/wp-content\/uploads\/2026\/02\/PORTADA-WEB-2025.webp","datePublished":"2025-09-03T20:56:54+00:00","dateModified":"2026-04-29T13:41:01+00:00","breadcrumb":{"@id":"https:\/\/nexpcl.com\/#breadcrumb"},"inLanguage":"es","potentialAction":[{"@type":"ReadAction","target":["https:\/\/nexpcl.com\/"]}]},{"@type":"ImageObject","inLanguage":"es","@id":"https:\/\/nexpcl.com\/#primaryimage","url":"https:\/\/nexpcl.com\/wp-content\/uploads\/2026\/02\/PORTADA-WEB-2025.webp","contentUrl":"https:\/\/nexpcl.com\/wp-content\/uploads\/2026\/02\/PORTADA-WEB-2025.webp","width":1640,"height":333},{"@type":"BreadcrumbList","@id":"https:\/\/nexpcl.com\/#breadcrumb","itemListElement":[{"@type":"ListItem","position":1,"name":"Portada","item":"https:\/\/nexpcl.com\/"},{"@type":"ListItem","position":2,"name":"INICIO"}]},{"@type":"WebSite","@id":"https:\/\/nexpcl.com\/#website","url":"https:\/\/nexpcl.com\/","name":"NEX Televisi\u00f3n","description":"El siguiente nivel.","publisher":{"@id":"https:\/\/nexpcl.com\/#organization"},"potentialAction":[{"@type":"SearchAction","target":{"@type":"EntryPoint","urlTemplate":"https:\/\/nexpcl.com\/?s={search_term_string}"},"query-input":{"@type":"PropertyValueSpecification","valueRequired":true,"valueName":"search_term_string"}}],"inLanguage":"es"},{"@type":"Organization","@id":"https:\/\/nexpcl.com\/#organization","name":"NEX Televisi\u00f3n","url":"https:\/\/nexpcl.com\/","logo":{"@type":"ImageObject","inLanguage":"es","@id":"https:\/\/nexpcl.com\/#\/schema\/logo\/image\/","url":"https:\/\/nexpcl.com\/wp-content\/uploads\/2025\/12\/cropped-logo-nex-scaled-1.png","contentUrl":"https:\/\/nexpcl.com\/wp-content\/uploads\/2025\/12\/cropped-logo-nex-scaled-1.png","width":2559,"height":1169,"caption":"NEX Televisi\u00f3n"},"image":{"@id":"https:\/\/nexpcl.com\/#\/schema\/logo\/image\/"}}]}},"_links":{"self":[{"href":"https:\/\/nexpcl.com\/index.php?rest_route=\/wp\/v2\/pages\/9","targetHints":{"allow":["GET"]}}],"collection":[{"href":"https:\/\/nexpcl.com\/index.php?rest_route=\/wp\/v2\/pages"}],"about":[{"href":"https:\/\/nexpcl.com\/index.php?rest_route=\/wp\/v2\/types\/page"}],"author":[{"embeddable":true,"href":"https:\/\/nexpcl.com\/index.php?rest_route=\/wp\/v2\/users\/1"}],"replies":[{"embeddable":true,"href":"https:\/\/nexpcl.com\/index.php?rest_route=%2Fwp%2Fv2%2Fcomments&post=9"}],"version-history":[{"count":49,"href":"https:\/\/nexpcl.com\/index.php?rest_route=\/wp\/v2\/pages\/9\/revisions"}],"predecessor-version":[{"id":118,"href":"https:\/\/nexpcl.com\/index.php?rest_route=\/wp\/v2\/pages\/9\/revisions\/118"}],"wp:attachment":[{"href":"https:\/\/nexpcl.com\/index.php?rest_route=%2Fwp%2Fv2%2Fmedia&parent=9"}],"curies":[{"name":"wp","href":"https:\/\/api.w.org\/{rel}","templated":true}]}}